{"id":1074,"date":"2026-04-04T07:48:10","date_gmt":"2026-04-04T07:48:10","guid":{"rendered":"https:\/\/adelcikolata.com\/?page_id=1074"},"modified":"2026-04-04T09:35:13","modified_gmt":"2026-04-04T09:35:13","slug":"adel-online-katalog","status":"publish","type":"page","link":"https:\/\/adelcikolata.com\/ar\/adel-online-katalog\/","title":{"rendered":"\u0627\u0644\u0643\u062a\u0627\u0644\u0648\u062c \u0627\u0644\u0625\u0644\u0643\u062a\u0631\u0648\u0646\u064a"},"content":{"rendered":"<p>[et_pb_section fb_built=&#8221;1&#8243; admin_label=&#8221;Contact&#8221; _builder_version=&#8221;4.27.0&#8243; _module_preset=&#8221;default&#8221; background_color=&#8221;#5A0C1C&#8221; background_enable_pattern_style=&#8221;on&#8221; background_pattern_style=&#8221;diagonal-stripes-2&#8243; background_pattern_color=&#8221;#4c000f&#8221; background_pattern_size=&#8221;custom&#8221; background_pattern_width=&#8221;10px&#8221; background_pattern_height=&#8221;0px&#8221; locked=&#8221;off&#8221; global_colors_info=&#8221;{}&#8221;][et_pb_row _builder_version=&#8221;4.27.0&#8243; _module_preset=&#8221;default&#8221; max_width=&#8221;1320px&#8221; global_colors_info=&#8221;{}&#8221;][et_pb_column type=&#8221;4_4&#8243; _builder_version=&#8221;4.25.2&#8243; _module_preset=&#8221;default&#8221; global_colors_info=&#8221;{}&#8221;][et_pb_heading title=&#8221;Onl\u0130ne Katalog&#8221; _builder_version=&#8221;4.27.0&#8243; _module_preset=&#8221;07f1bb41-86bd-41ab-a40d-8539f8bc0589&#8243; title_font=&#8221;Aboreto||||||||&#8221; title_text_color=&#8221;#FFFFFF&#8221; title_font_size=&#8221;50px&#8221; custom_margin=&#8221;||10px||false|false&#8221; global_colors_info=&#8221;{}&#8221;][\/et_pb_heading][\/et_pb_column][\/et_pb_row][et_pb_row column_structure=&#8221;2_5,3_5&#8243; make_equal=&#8221;on&#8221; _builder_version=&#8221;4.27.0&#8243; _module_preset=&#8221;default&#8221; background_color=&#8221;gcid-8cc1148f-42d5-474a-a79a-f10f04b13829&#8243; background_image=&#8221;https:\/\/adelcikolata.com\/wp-content\/uploads\/2026\/04\/adel-catalogue.webp&#8221; background_size=&#8221;contain&#8221; background_position=&#8221;center_right&#8221; max_width=&#8221;1320px&#8221; custom_margin=&#8221;||52px||false|false&#8221; custom_padding=&#8221;145px|50px|145px|50px|true|true&#8221; animation_style=&#8221;fade&#8221; animation_duration=&#8221;2000ms&#8221; scroll_vertical_motion_enable=&#8221;off&#8221; background_last_edited=&#8221;on|phone&#8221; background_position_phone=&#8221;bottom_center&#8221; custom_css_main_element=&#8221;margin: auto;||align-items: center;&#8221; border_radii=&#8221;on|12px|12px|12px|12px&#8221; global_colors_info=&#8221;{%22gcid-8cc1148f-42d5-474a-a79a-f10f04b13829%22:%91%22background_color%22%93}&#8221;][et_pb_column type=&#8221;2_5&#8243; _builder_version=&#8221;4.25.2&#8243; _module_preset=&#8221;default&#8221; global_colors_info=&#8221;{}&#8221;][et_pb_text _builder_version=&#8221;4.27.0&#8243; _module_preset=&#8221;e750060c-6147-43d4-956e-cf30d64c68ae&#8221; text_font=&#8221;Inter|300|||||||&#8221; header_3_font=&#8221;Aboreto||||||||&#8221; header_3_font_size=&#8221;24px&#8221; custom_padding=&#8221;||0px|||&#8221; global_colors_info=&#8221;{}&#8221;]<\/p>\n<h3>Gelenekten Gelece\u011fe <br \/>Tatl\u0131 Bir Yolculuk<\/h3>\n<p>Yar\u0131m as\u0131rl\u0131k miras\u0131m\u0131z\u0131 ve en yeni lezzet kreasyonlar\u0131m\u0131z\u0131 bir araya getirdik. Size \u00f6zel haz\u0131rlad\u0131\u011f\u0131m\u0131z dijital katalo\u011fu indirerek Adel\u2019in se\u00e7kin d\u00fcnyas\u0131na ad\u0131m at\u0131n.<\/p>\n<p>[\/et_pb_text][et_pb_button button_url=&#8221;https:\/\/adelcikolata.com\/wp-content\/uploads\/2026\/04\/adel-catalog.pdf&#8221; button_text=&#8221;Katalo\u011fumuzu \u0130ndirin&#8221; _builder_version=&#8221;4.27.0&#8243; _module_preset=&#8221;default&#8221; custom_button=&#8221;on&#8221; button_text_color=&#8221;gcid-e8d826c8-04a2-4d13-8300-b1cb614d7b48&#8243; button_bg_color=&#8221;#5A0C1C&#8221; button_border_width=&#8221;0px&#8221; hover_enabled=&#8221;0&#8243; global_colors_info=&#8221;{%22gcid-e8d826c8-04a2-4d13-8300-b1cb614d7b48%22:%91%22button_text_color%22%93}&#8221; sticky_enabled=&#8221;0&#8243;][\/et_pb_button][\/et_pb_column][et_pb_column type=&#8221;3_5&#8243; _builder_version=&#8221;4.25.2&#8243; _module_preset=&#8221;6b5ae25a-f168-47f6-a594-8c92bb645a14&#8243; global_colors_info=&#8221;{}&#8221;][\/et_pb_column][\/et_pb_row][\/et_pb_section]<\/p>","protected":false},"excerpt":{"rendered":"<p>Gelenekten Gelece\u011fe Tatl\u0131 Bir Yolculuk Yar\u0131m as\u0131rl\u0131k miras\u0131m\u0131z\u0131 ve en yeni lezzet kreasyonlar\u0131m\u0131z\u0131 bir araya getirdik. Size \u00f6zel haz\u0131rlad\u0131\u011f\u0131m\u0131z dijital katalo\u011fu indirerek Adel\u2019in se\u00e7kin d\u00fcnyas\u0131na ad\u0131m at\u0131n.<\/p>","protected":false},"author":1,"featured_media":0,"parent":0,"menu_order":0,"comment_status":"closed","ping_status":"closed","template":"","meta":{"_acf_changed":false,"_et_pb_use_builder":"on","_et_pb_old_content":"","_et_gb_content_width":"","footnotes":""},"difl_page_category":[],"class_list":["post-1074","page","type-page","status-publish","hentry"],"acf":[],"_links":{"self":[{"href":"https:\/\/adelcikolata.com\/ar\/wp-json\/wp\/v2\/pages\/1074","targetHints":{"allow":["GET"]}}],"collection":[{"href":"https:\/\/adelcikolata.com\/ar\/wp-json\/wp\/v2\/pages"}],"about":[{"href":"https:\/\/adelcikolata.com\/ar\/wp-json\/wp\/v2\/types\/page"}],"author":[{"embeddable":true,"href":"https:\/\/adelcikolata.com\/ar\/wp-json\/wp\/v2\/users\/1"}],"replies":[{"embeddable":true,"href":"https:\/\/adelcikolata.com\/ar\/wp-json\/wp\/v2\/comments?post=1074"}],"version-history":[{"count":4,"href":"https:\/\/adelcikolata.com\/ar\/wp-json\/wp\/v2\/pages\/1074\/revisions"}],"predecessor-version":[{"id":1099,"href":"https:\/\/adelcikolata.com\/ar\/wp-json\/wp\/v2\/pages\/1074\/revisions\/1099"}],"wp:attachment":[{"href":"https:\/\/adelcikolata.com\/ar\/wp-json\/wp\/v2\/media?parent=1074"}],"wp:term":[{"taxonomy":"difl_page_category","embeddable":true,"href":"https:\/\/adelcikolata.com\/ar\/wp-json\/wp\/v2\/difl_page_category?post=1074"}],"curies":[{"name":"wp","href":"https:\/\/api.w.org\/{rel}","templated":true}]}}