{"id":111,"date":"2025-08-14T10:38:30","date_gmt":"2025-08-14T10:38:30","guid":{"rendered":"https:\/\/adelcikolata.com\/?post_type=product&#038;p=111"},"modified":"2026-04-04T10:40:12","modified_gmt":"2026-04-04T10:40:12","slug":"gold","status":"publish","type":"product","link":"https:\/\/adelcikolata.com\/ar\/product\/gold\/","title":{"rendered":"Gold"},"content":{"rendered":"<div style=\"overflow-x: auto;\">\n<table class=\"wp-logistics-table\">\n<thead>\n<tr>\n<th><\/th>\n<th>Birim Paket<\/th>\n<th>Net A\u011f\u0131rl\u0131k<\/th>\n<th>Koli \u0130\u00e7i Adet<\/th>\n<th>20&#8217;lik Konteyner<\/th>\n<th>40&#8217;l\u0131k Konteyner<\/th>\n<\/tr>\n<\/thead>\n<tbody>\n<tr class=\"ozel-ilk-satir\">\n<td class=\"product-image-cell\"><img decoding=\"async\" src=\"\/wp-content\/uploads\/2026\/03\/kutu.png\" alt=\"K\u0131rm\u0131z\u0131 Kutu\" \/><\/td>\n<td>12g\/16g<\/td>\n<td>2000g<\/td>\n<td>6 Pcs.<\/td>\n<td>900 ctn.<\/td>\n<td>1900 ctn.<\/td>\n<\/tr>\n<tr>\n<td class=\"product-image-cell\" rowspan=\"2\"><img decoding=\"async\" src=\"\/wp-content\/uploads\/2025\/08\/asetat.png\" alt=\"Beyaz Silindir Kutu\" \/><\/td>\n<td>12g\/16g<\/td>\n<td>500g<\/td>\n<td>16 Pcs.<\/td>\n<td>950 ctn.<\/td>\n<td>2100 ctn.<\/td>\n<\/tr>\n<tr>\n<td>12g\/16g<\/td>\n<td>1000g<\/td>\n<td>8 Pcs.<\/td>\n<td>950 ctn.<\/td>\n<td>2100 ctn.<\/td>\n<\/tr>\n<tr>\n<td class=\"product-image-cell\" rowspan=\"2\"><img decoding=\"async\" src=\"\/wp-content\/uploads\/2026\/03\/posett-ikon.webp\" alt=\"K\u0131rm\u0131z\u0131 Po\u015fet\" \/><\/td>\n<td>12g\/16g<\/td>\n<td>500g<\/td>\n<td>16 Pcs.<\/td>\n<td>1350 ctn.<\/td>\n<td>2850 ctn.<\/td>\n<\/tr>\n<tr>\n<td>12g\/16g<\/td>\n<td>1000g<\/td>\n<td>8 Pcs.<\/td>\n<td>1350 ctn.<\/td>\n<td>2850 ctn.<\/td>\n<\/tr>\n<\/tbody>\n<\/table>\n<\/div>","protected":false},"excerpt":{"rendered":"<p>\u0627\u0644\u0634\u0648\u0643\u0648\u0644\u0627\u062a\u06be \u0627\u0644\u0645\u0631\u0643\u0628\u0629 \u0645\u062d\u0634\u06cc\u0629 \u0628\u0627\u0644\u0643\u0631\u06cc\u0645\u0629 \u0648\u0627\u0644\u0623\u0631\u0632 \u0627\u0644\u0645\u0642\u0631\u0645\u0634<\/p>","protected":false},"featured_media":114,"comment_status":"open","ping_status":"closed","template":"","meta":{"_acf_changed":false,"_et_pb_use_builder":"","_et_pb_old_content":"","_et_gb_content_width":""},"product_brand":[],"product_cat":[18,26],"product_tag":[],"class_list":{"0":"post-111","1":"product","2":"type-product","3":"status-publish","4":"has-post-thumbnail","6":"product_cat-cikolata","7":"product_cat-yeni-urunler","9":"first","10":"instock","11":"shipping-taxable","12":"product-type-simple"},"acf":[],"_links":{"self":[{"href":"https:\/\/adelcikolata.com\/ar\/wp-json\/wp\/v2\/product\/111","targetHints":{"allow":["GET"]}}],"collection":[{"href":"https:\/\/adelcikolata.com\/ar\/wp-json\/wp\/v2\/product"}],"about":[{"href":"https:\/\/adelcikolata.com\/ar\/wp-json\/wp\/v2\/types\/product"}],"replies":[{"embeddable":true,"href":"https:\/\/adelcikolata.com\/ar\/wp-json\/wp\/v2\/comments?post=111"}],"wp:featuredmedia":[{"embeddable":true,"href":"https:\/\/adelcikolata.com\/ar\/wp-json\/wp\/v2\/media\/114"}],"wp:attachment":[{"href":"https:\/\/adelcikolata.com\/ar\/wp-json\/wp\/v2\/media?parent=111"}],"wp:term":[{"taxonomy":"product_brand","embeddable":true,"href":"https:\/\/adelcikolata.com\/ar\/wp-json\/wp\/v2\/product_brand?post=111"},{"taxonomy":"product_cat","embeddable":true,"href":"https:\/\/adelcikolata.com\/ar\/wp-json\/wp\/v2\/product_cat?post=111"},{"taxonomy":"product_tag","embeddable":true,"href":"https:\/\/adelcikolata.com\/ar\/wp-json\/wp\/v2\/product_tag?post=111"}],"curies":[{"name":"wp","href":"https:\/\/api.w.org\/{rel}","templated":true}]}}