{"id":746,"date":"2026-04-02T10:00:55","date_gmt":"2026-04-02T10:00:55","guid":{"rendered":"https:\/\/adelcikolata.com\/?post_type=product&#038;p=746"},"modified":"2026-04-04T09:49:27","modified_gmt":"2026-04-04T09:49:27","slug":"carnivale","status":"publish","type":"product","link":"https:\/\/adelcikolata.com\/ar\/product\/carnivale\/","title":{"rendered":"Carnivale"},"content":{"rendered":"<div style=\"overflow-x: auto;\">\n<table class=\"wp-logistics-table\" style=\"height: 216px;\">\n<thead>\n<tr style=\"height: 23px;\">\n<th style=\"height: 23px; width: 81.9965px;\"><\/th>\n<th style=\"height: 23px; width: 81.7014px;\">Birim Paket<\/th>\n<th style=\"height: 23px; width: 74.809px;\">Net A\u011f\u0131rl\u0131k<\/th>\n<th style=\"height: 23px; width: 82.7604px;\">Koli \u0130\u00e7i Adet<\/th>\n<th style=\"height: 23px; width: 113.611px;\">20&#8217;lik Konteyner<\/th>\n<th style=\"height: 23px; width: 113.611px;\">40&#8217;l\u0131k Konteyner<\/th>\n<\/tr>\n<\/thead>\n<tbody>\n<tr style=\"height: 89px;\">\n<td class=\"product-image-cell\" style=\"height: 89px; width: 81.9965px;\"><img loading=\"lazy\" decoding=\"async\" class=\"\" src=\"\/wp-content\/uploads\/2026\/04\/carnaval-icon-01.webp\" alt=\"Beyaz Silindir Kutu\" width=\"82\" height=\"82\" \/><\/td>\n<td style=\"height: 89px; width: 81.7014px;\">12g<\/td>\n<td style=\"height: 89px; width: 74.809px;\">2000g<\/td>\n<td style=\"height: 89px; width: 82.7604px;\">6 Pcs.<\/td>\n<td style=\"height: 89px; width: 113.611px;\">900 ctn.<\/td>\n<td style=\"height: 89px; width: 113.611px;\">1900 ctn.<\/td>\n<\/tr>\n<tr style=\"height: 104px;\">\n<td class=\"product-image-cell\" style=\"height: 104px; width: 81.9965px;\"><img loading=\"lazy\" decoding=\"async\" class=\"\" src=\"\/wp-content\/uploads\/2026\/04\/carnaval-icon-02.webp\" alt=\"Beyaz Silindir Kutu\" width=\"82\" height=\"82\" \/><\/td>\n<td style=\"height: 104px; width: 81.7014px;\">12g<\/td>\n<td style=\"height: 104px; width: 74.809px;\">400g<\/td>\n<td style=\"height: 104px; width: 82.7604px;\">14 Pcs.<\/td>\n<td style=\"height: 104px; width: 113.611px;\">950 ctn.<\/td>\n<td style=\"height: 104px; width: 113.611px;\">2050 ctn.<\/td>\n<\/tr>\n<\/tbody>\n<\/table>\n<\/div>","protected":false},"excerpt":{"rendered":"<p>Minis are always with you in<br \/>\nall the happy moments<\/p>","protected":false},"featured_media":755,"comment_status":"open","ping_status":"closed","template":"","meta":{"_acf_changed":false,"_et_pb_use_builder":"","_et_pb_old_content":"","_et_gb_content_width":""},"product_brand":[],"product_cat":[18],"product_tag":[],"class_list":{"0":"post-746","1":"product","2":"type-product","3":"status-publish","4":"has-post-thumbnail","6":"product_cat-cikolata","8":"first","9":"instock","10":"shipping-taxable","11":"product-type-simple"},"acf":[],"_links":{"self":[{"href":"https:\/\/adelcikolata.com\/ar\/wp-json\/wp\/v2\/product\/746","targetHints":{"allow":["GET"]}}],"collection":[{"href":"https:\/\/adelcikolata.com\/ar\/wp-json\/wp\/v2\/product"}],"about":[{"href":"https:\/\/adelcikolata.com\/ar\/wp-json\/wp\/v2\/types\/product"}],"replies":[{"embeddable":true,"href":"https:\/\/adelcikolata.com\/ar\/wp-json\/wp\/v2\/comments?post=746"}],"wp:featuredmedia":[{"embeddable":true,"href":"https:\/\/adelcikolata.com\/ar\/wp-json\/wp\/v2\/media\/755"}],"wp:attachment":[{"href":"https:\/\/adelcikolata.com\/ar\/wp-json\/wp\/v2\/media?parent=746"}],"wp:term":[{"taxonomy":"product_brand","embeddable":true,"href":"https:\/\/adelcikolata.com\/ar\/wp-json\/wp\/v2\/product_brand?post=746"},{"taxonomy":"product_cat","embeddable":true,"href":"https:\/\/adelcikolata.com\/ar\/wp-json\/wp\/v2\/product_cat?post=746"},{"taxonomy":"product_tag","embeddable":true,"href":"https:\/\/adelcikolata.com\/ar\/wp-json\/wp\/v2\/product_tag?post=746"}],"curies":[{"name":"wp","href":"https:\/\/api.w.org\/{rel}","templated":true}]}}