{"id":770,"date":"2026-04-02T10:39:49","date_gmt":"2026-04-02T10:39:49","guid":{"rendered":"https:\/\/adelcikolata.com\/?post_type=product&#038;p=770"},"modified":"2026-04-02T10:46:20","modified_gmt":"2026-04-02T10:46:20","slug":"coco-bounce","status":"publish","type":"product","link":"https:\/\/adelcikolata.com\/ar\/product\/coco-bounce\/","title":{"rendered":"Coco Bounce"},"content":{"rendered":"<div style=\"overflow-x: auto;\">\n<table class=\"wp-logistics-table\">\n<thead>\n<tr>\n<th>G\u00f6rsel<\/th>\n<th>Birim Paket<\/th>\n<th>Net A\u011f\u0131rl\u0131k<\/th>\n<th>Koli \u0130\u00e7i Adet<\/th>\n<th>20&#8217;lik Konteyner<\/th>\n<th>40&#8217;l\u0131k Konteyner<\/th>\n<\/tr>\n<\/thead>\n<tbody>\n<tr class=\"ozel-ilk-satir\">\n<td class=\"product-image-cell\" rowspan=\"4\"><img decoding=\"async\" src=\"\/wp-content\/uploads\/2026\/03\/kutu.png\" alt=\"K\u0131rm\u0131z\u0131 Kutu\" \/><\/td>\n<td>10g\/12g<\/td>\n<td>250g<\/td>\n<td>12 Pcs.<\/td>\n<td>2800 ctn.<\/td>\n<td>6000 ctn.<\/td>\n<\/tr>\n<tr>\n<td>10g\/12g<\/td>\n<td>500g<\/td>\n<td>12 Pcs.<\/td>\n<td>1450 ctn.<\/td>\n<td>3100 ctn.<\/td>\n<\/tr>\n<tr>\n<td>10g\/12g<\/td>\n<td>1000g<\/td>\n<td>6 Pcs.<\/td>\n<td>1450 ctn.<\/td>\n<td>3100 ctn.<\/td>\n<\/tr>\n<tr>\n<td>10g\/12g<\/td>\n<td>2000g<\/td>\n<td>6 Pcs.<\/td>\n<td>800 ctn.<\/td>\n<td>1900 ctn.<\/td>\n<\/tr>\n<tr>\n<td class=\"product-image-cell\" rowspan=\"2\"><img loading=\"lazy\" decoding=\"async\" class=\"\" src=\"\/wp-content\/uploads\/2026\/04\/quadro-icon.webp\" alt=\"Coco Bounce Po\u015fet\" width=\"69\" height=\"75\" \/><\/td>\n<td>10g\/12g<\/td>\n<td>500g<\/td>\n<td>20 Pcs.<\/td>\n<td>1350 ctn.<\/td>\n<td>2850 ctn.<\/td>\n<\/tr>\n<tr>\n<td>10g\/12g<\/td>\n<td>1000g<\/td>\n<td>10 Pcs.<\/td>\n<td>1350 ctn.<\/td>\n<td>2850 ctn.<\/td>\n<\/tr>\n<\/tbody>\n<\/table>\n<\/div>","protected":false},"excerpt":{"rendered":"<p>\u0634\u0648\u0643\u0648\u0644\u0627\u062a\u0629 \u0645\u0631\u0643\u0628\u0629 \u0645\u062d\u0634\u0648\u0629 \u0628\u062c\u0648\u0632 \u0627\u0644\u0647\u0646\u062f<\/p>","protected":false},"featured_media":771,"comment_status":"open","ping_status":"closed","template":"","meta":{"_acf_changed":false,"_et_pb_use_builder":"","_et_pb_old_content":"","_et_gb_content_width":""},"product_brand":[],"product_cat":[18],"product_tag":[],"class_list":{"0":"post-770","1":"product","2":"type-product","3":"status-publish","4":"has-post-thumbnail","6":"product_cat-cikolata","8":"first","9":"instock","10":"shipping-taxable","11":"product-type-simple"},"acf":[],"_links":{"self":[{"href":"https:\/\/adelcikolata.com\/ar\/wp-json\/wp\/v2\/product\/770","targetHints":{"allow":["GET"]}}],"collection":[{"href":"https:\/\/adelcikolata.com\/ar\/wp-json\/wp\/v2\/product"}],"about":[{"href":"https:\/\/adelcikolata.com\/ar\/wp-json\/wp\/v2\/types\/product"}],"replies":[{"embeddable":true,"href":"https:\/\/adelcikolata.com\/ar\/wp-json\/wp\/v2\/comments?post=770"}],"wp:featuredmedia":[{"embeddable":true,"href":"https:\/\/adelcikolata.com\/ar\/wp-json\/wp\/v2\/media\/771"}],"wp:attachment":[{"href":"https:\/\/adelcikolata.com\/ar\/wp-json\/wp\/v2\/media?parent=770"}],"wp:term":[{"taxonomy":"product_brand","embeddable":true,"href":"https:\/\/adelcikolata.com\/ar\/wp-json\/wp\/v2\/product_brand?post=770"},{"taxonomy":"product_cat","embeddable":true,"href":"https:\/\/adelcikolata.com\/ar\/wp-json\/wp\/v2\/product_cat?post=770"},{"taxonomy":"product_tag","embeddable":true,"href":"https:\/\/adelcikolata.com\/ar\/wp-json\/wp\/v2\/product_tag?post=770"}],"curies":[{"name":"wp","href":"https:\/\/api.w.org\/{rel}","templated":true}]}}