{"id":1054,"date":"2026-04-03T16:04:05","date_gmt":"2026-04-03T16:04:05","guid":{"rendered":"https:\/\/adelcikolata.com\/?page_id=1054"},"modified":"2026-04-04T07:41:11","modified_gmt":"2026-04-04T07:41:11","slug":"kurumsal","status":"publish","type":"page","link":"https:\/\/adelcikolata.com\/en\/kurumsal\/","title":{"rendered":"Corporate"},"content":{"rendered":"<p>[et_pb_section fb_built=&#8221;1&#8243; admin_label=&#8221;Contact&#8221; _builder_version=&#8221;4.27.0&#8243; _module_preset=&#8221;default&#8221; background_color=&#8221;#5A0C1C&#8221; background_enable_pattern_style=&#8221;on&#8221; background_pattern_style=&#8221;diagonal-stripes-2&#8243; background_pattern_color=&#8221;#4c000f&#8221; background_pattern_size=&#8221;custom&#8221; background_pattern_width=&#8221;10px&#8221; background_pattern_height=&#8221;0px&#8221; locked=&#8221;off&#8221; global_colors_info=&#8221;{}&#8221;][et_pb_row _builder_version=&#8221;4.27.0&#8243; _module_preset=&#8221;default&#8221; max_width=&#8221;1320px&#8221; global_colors_info=&#8221;{}&#8221;][et_pb_column type=&#8221;4_4&#8243; _builder_version=&#8221;4.25.2&#8243; _module_preset=&#8221;default&#8221; global_colors_info=&#8221;{}&#8221;][et_pb_heading title=&#8221;Kurumsal&#8221; _builder_version=&#8221;4.27.0&#8243; _module_preset=&#8221;07f1bb41-86bd-41ab-a40d-8539f8bc0589&#8243; title_font=&#8221;Aboreto||||||||&#8221; title_text_color=&#8221;#FFFFFF&#8221; title_font_size=&#8221;50px&#8221; custom_margin=&#8221;||10px||false|false&#8221; global_colors_info=&#8221;{}&#8221;][\/et_pb_heading][\/et_pb_column][\/et_pb_row][et_pb_row column_structure=&#8221;2_5,3_5&#8243; make_equal=&#8221;on&#8221; _builder_version=&#8221;4.27.0&#8243; _module_preset=&#8221;default&#8221; background_color=&#8221;gcid-8cc1148f-42d5-474a-a79a-f10f04b13829&#8243; max_width=&#8221;1320px&#8221; custom_padding=&#8221;145px|50px|145px|50px|true|true&#8221; scroll_vertical_motion_enable=&#8221;off&#8221; hover_enabled=&#8221;0&#8243; custom_css_main_element=&#8221;margin: auto;||align-items: center;&#8221; border_radii=&#8221;on|12px|12px|12px|12px&#8221; global_colors_info=&#8221;{%22gcid-8cc1148f-42d5-474a-a79a-f10f04b13829%22:%91%22background_color%22%93}&#8221; sticky_enabled=&#8221;0&#8243; title_text=&#8221;1960&#8243; background_image=&#8221;https:\/\/adelcikolata.com\/wp-content\/uploads\/2026\/04\/1960.webp&#8221; background_size=&#8221;contain&#8221; background_position=&#8221;center_right&#8221; animation_style=&#8221;fade&#8221; animation_duration=&#8221;2000ms&#8221; background_last_edited=&#8221;on|phone&#8221; background_position_phone=&#8221;bottom_center&#8221;][et_pb_column type=&#8221;2_5&#8243; _builder_version=&#8221;4.25.2&#8243; _module_preset=&#8221;default&#8221; global_colors_info=&#8221;{}&#8221;][et_pb_text _builder_version=&#8221;4.27.0&#8243; _module_preset=&#8221;e750060c-6147-43d4-956e-cf30d64c68ae&#8221; text_font=&#8221;Inter|300|||||||&#8221; header_3_font=&#8221;Aboreto||||||||&#8221; header_3_font_size=&#8221;24px&#8221; custom_padding=&#8221;||0px|||&#8221; global_colors_info=&#8221;{}&#8221;]<\/p>\n<h3><strong data-start=\"105\" data-end=\"119\">Hakk\u0131m\u0131zda<\/strong><\/h3>\n<p>Tatbey A.\u015e., 1960 y\u0131l\u0131nda perakende sekt\u00f6r\u00fcnde faaliyetlerine ba\u015flam\u0131\u015f, zamanla geli\u015fen piyasa ko\u015fullar\u0131na uyum sa\u011flayarak toptan pazarlama alan\u0131nda b\u00fcy\u00fcm\u00fc\u015ft\u00fcr. G\u00fc\u00e7l\u00fc bayi ve distrib\u00fct\u00f6r a\u011f\u0131 ile sekt\u00f6rde g\u00fcvenilir bir konuma ula\u015fm\u0131\u015ft\u0131r.<strong data-start=\"1217\" data-end=\"1231\"><\/strong><\/p>\n<p>[\/et_pb_text][\/et_pb_column][et_pb_column type=&#8221;3_5&#8243; _builder_version=&#8221;4.25.2&#8243; _module_preset=&#8221;6b5ae25a-f168-47f6-a594-8c92bb645a14&#8243; global_colors_info=&#8221;{}&#8221;][\/et_pb_column][\/et_pb_row][et_pb_row column_structure=&#8221;1_2,1_2&#8243; make_equal=&#8221;on&#8221; _builder_version=&#8221;4.27.0&#8243; _module_preset=&#8221;default&#8221; background_color=&#8221;gcid-8cc1148f-42d5-474a-a79a-f10f04b13829&#8243; max_width=&#8221;1320px&#8221; custom_padding=&#8221;|50px||50px|false|true&#8221; hover_enabled=&#8221;0&#8243; custom_css_main_element=&#8221;margin: auto;||align-items: center;&#8221; border_radii=&#8221;on|12px|12px|12px|12px&#8221; global_colors_info=&#8221;{%22gcid-8cc1148f-42d5-474a-a79a-f10f04b13829%22:%91%22background_color%22%93}&#8221; scroll_vertical_motion=&#8221;0|50|50|100|2|0|0&#8243; scroll_scaling_enable=&#8221;on&#8221; scroll_blur_enable=&#8221;on&#8221; sticky_enabled=&#8221;0&#8243;][et_pb_column type=&#8221;1_2&#8243; _builder_version=&#8221;4.25.2&#8243; _module_preset=&#8221;default&#8221; global_colors_info=&#8221;{}&#8221;][et_pb_text _builder_version=&#8221;4.27.0&#8243; _module_preset=&#8221;e750060c-6147-43d4-956e-cf30d64c68ae&#8221; text_font=&#8221;Inter|300|||||||&#8221; header_3_font=&#8221;Aboreto||||||||&#8221; header_3_font_size=&#8221;24px&#8221; custom_padding=&#8221;||0px|||&#8221; global_colors_info=&#8221;{}&#8221;]<\/p>\n<h3><strong data-start=\"365\" data-end=\"383\">\u00dcretim G\u00fcc\u00fcm\u00fcz<\/strong><\/h3>\n<p>Firmam\u0131z, 20.000 m\u00b2 \u00fcretim ve stoklama alan\u0131nda; \u00e7ikolata, yumu\u015fak \u015feker, sert \u015feker ve j\u00f6le \u015feker \u00fcretimi ger\u00e7ekle\u015ftirmektedir. Y\u00fcksek \u00fcretim kapasitemizle hem ulusal hem de uluslararas\u0131 pazarlara hizmet vermekteyiz.<\/p>\n<p data-start=\"1217\" data-end=\"1357\">[\/et_pb_text][\/et_pb_column][et_pb_column type=&#8221;1_2&#8243; _builder_version=&#8221;4.27.0&#8243; _module_preset=&#8221;default&#8221; hover_enabled=&#8221;0&#8243; global_colors_info=&#8221;{}&#8221; sticky_enabled=&#8221;0&#8243;][et_pb_image src=&#8221;https:\/\/adelcikolata.com\/wp-content\/uploads\/2025\/08\/Adel-factory.webp&#8221; _builder_version=&#8221;4.27.0&#8243; _module_preset=&#8221;default&#8221; title_text=&#8221;Adel-factory&#8221; border_radii=&#8221;on|12px|12px|12px|12px&#8221; hover_enabled=&#8221;0&#8243; sticky_enabled=&#8221;0&#8243; show_in_lightbox=&#8221;on&#8221;][\/et_pb_image][\/et_pb_column][\/et_pb_row][et_pb_row column_structure=&#8221;1_2,1_2&#8243; make_equal=&#8221;on&#8221; _builder_version=&#8221;4.27.0&#8243; _module_preset=&#8221;default&#8221; background_color=&#8221;gcid-8cc1148f-42d5-474a-a79a-f10f04b13829&#8243; max_width=&#8221;1320px&#8221; custom_padding=&#8221;|50px||50px|false|true&#8221; hover_enabled=&#8221;0&#8243; custom_css_main_element=&#8221;margin: auto;||align-items: center;&#8221; border_radii=&#8221;on|12px|12px|12px|12px&#8221; global_colors_info=&#8221;{%22gcid-8cc1148f-42d5-474a-a79a-f10f04b13829%22:%91%22background_color%22%93}&#8221; scroll_scaling_enable=&#8221;on&#8221; scroll_blur_enable=&#8221;on&#8221; scroll_vertical_motion_enable=&#8221;off&#8221; scroll_vertical_motion=&#8221;0|50|50|100|1|1|-2&#8243; title_text=&#8221;adelflaf&#8221; background_image=&#8221;https:\/\/adelcikolata.com\/wp-content\/uploads\/2026\/04\/adelflaf.webp&#8221; background_size=&#8221;contain&#8221; background_position=&#8221;center_right&#8221; background_last_edited=&#8221;on|phone&#8221; background_position_phone=&#8221;bottom_right&#8221; sticky_enabled=&#8221;0&#8243;][et_pb_column type=&#8221;1_2&#8243; _builder_version=&#8221;4.27.0&#8243; _module_preset=&#8221;default&#8221; global_colors_info=&#8221;{}&#8221;][et_pb_text _builder_version=&#8221;4.27.0&#8243; _module_preset=&#8221;e750060c-6147-43d4-956e-cf30d64c68ae&#8221; text_font=&#8221;Inter|300|||||||&#8221; header_3_font=&#8221;Aboreto||||||||&#8221; header_3_font_size=&#8221;24px&#8221; custom_padding=&#8221;||||false|false&#8221; hover_enabled=&#8221;0&#8243; global_colors_info=&#8221;{}&#8221; custom_padding_last_edited=&#8221;on|phone&#8221; custom_padding_phone=&#8221;||130px||false|false&#8221; sticky_enabled=&#8221;0&#8243; custom_padding_tablet=&#8221;||||false|false&#8221;]<\/p>\n<h3 data-start=\"610\" data-end=\"823\"><strong data-start=\"610\" data-end=\"622\">Markam\u0131z<\/strong><\/h3>\n<p data-start=\"610\" data-end=\"823\"><br data-start=\"622\" data-end=\"625\" \/>Tatbey A.\u015e., <strong data-start=\"638\" data-end=\"655\">Adel \u00c7ikolata<\/strong> markas\u0131 ile t\u00fcketicilere yeni tatlar ve \u00f6zg\u00fcn lezzetler sunmay\u0131 hedeflemektedir. \u00dcr\u00fcnlerimiz, kalite ve lezzeti bir araya getirerek geni\u015f bir kitleye hitap etmektedir.<\/p>\n<p data-start=\"1217\" data-end=\"1357\">[\/et_pb_text][\/et_pb_column][et_pb_column type=&#8221;1_2&#8243; _builder_version=&#8221;4.27.0&#8243; _module_preset=&#8221;default&#8221; global_colors_info=&#8221;{}&#8221;][\/et_pb_column][\/et_pb_row][et_pb_row column_structure=&#8221;2_5,3_5&#8243; make_equal=&#8221;on&#8221; _builder_version=&#8221;4.27.0&#8243; _module_preset=&#8221;default&#8221; background_color=&#8221;gcid-8cc1148f-42d5-474a-a79a-f10f04b13829&#8243; max_width=&#8221;1320px&#8221; custom_padding=&#8221;|50px||50px|false|true&#8221; hover_enabled=&#8221;0&#8243; custom_css_main_element=&#8221;margin: auto;||align-items: center;&#8221; border_radii=&#8221;on|12px|12px|12px|12px&#8221; global_colors_info=&#8221;{%22gcid-8cc1148f-42d5-474a-a79a-f10f04b13829%22:%91%22background_color%22%93}&#8221; sticky_enabled=&#8221;0&#8243; scroll_scaling_enable=&#8221;on&#8221; scroll_blur_enable=&#8221;on&#8221; custom_margin=&#8221;||40px||false|false&#8221;][et_pb_column type=&#8221;2_5&#8243; _builder_version=&#8221;4.25.2&#8243; _module_preset=&#8221;default&#8221; global_colors_info=&#8221;{}&#8221;][et_pb_text _builder_version=&#8221;4.27.0&#8243; _module_preset=&#8221;e750060c-6147-43d4-956e-cf30d64c68ae&#8221; text_font=&#8221;Inter|300|||||||&#8221; header_3_font=&#8221;Aboreto||||||||&#8221; header_3_font_size=&#8221;24px&#8221; custom_padding=&#8221;||0px|||&#8221; global_colors_info=&#8221;{}&#8221;]<\/p>\n<h3 data-start=\"830\" data-end=\"1066\"><strong data-start=\"830\" data-end=\"852\">Kalite Anlay\u0131\u015f\u0131m\u0131z<\/strong><\/h3>\n<p data-start=\"830\" data-end=\"1066\">\u00dcretim s\u00fcre\u00e7lerimiz; EN ISO 22000-2005 G\u0131da G\u00fcvenli\u011fi Y\u00f6netim Sistemi, Helal \u00dcr\u00fcn Sertifikas\u0131 ve di\u011fer kalite standartlar\u0131na uygun olarak y\u00fcr\u00fct\u00fclmektedir. T\u00fcm a\u015famalarda hijyen ve kalite \u00f6n planda tutulmaktad\u0131r.<\/p>\n<p>[\/et_pb_text][\/et_pb_column][et_pb_column type=&#8221;3_5&#8243; _builder_version=&#8221;4.27.0&#8243; _module_preset=&#8221;default&#8221; hover_enabled=&#8221;0&#8243; global_colors_info=&#8221;{}&#8221; sticky_enabled=&#8221;0&#8243;][et_pb_image src=&#8221;https:\/\/adelcikolata.com\/wp-content\/uploads\/2026\/04\/ciko.webp&#8221; _builder_version=&#8221;4.27.0&#8243; _module_preset=&#8221;default&#8221; title_text=&#8221;ciko&#8221; hover_enabled=&#8221;0&#8243; sticky_enabled=&#8221;0&#8243;][\/et_pb_image][\/et_pb_column][\/et_pb_row][et_pb_row column_structure=&#8221;1_2,1_2&#8243; make_equal=&#8221;on&#8221; _builder_version=&#8221;4.27.0&#8243; _module_preset=&#8221;default&#8221; background_color=&#8221;gcid-8cc1148f-42d5-474a-a79a-f10f04b13829&#8243; max_width=&#8221;1320px&#8221; custom_padding=&#8221;|50px||50px|false|true&#8221; hover_enabled=&#8221;0&#8243; custom_css_main_element=&#8221;margin: auto;||align-items: center;&#8221; border_radii=&#8221;on|12px|12px|12px|12px&#8221; global_colors_info=&#8221;{%22gcid-8cc1148f-42d5-474a-a79a-f10f04b13829%22:%91%22background_color%22%93}&#8221; scroll_scaling_enable=&#8221;on&#8221; scroll_blur_enable=&#8221;on&#8221; sticky_enabled=&#8221;0&#8243; custom_margin=&#8221;||64px||false|false&#8221;][et_pb_column type=&#8221;1_2&#8243; _builder_version=&#8221;4.25.2&#8243; _module_preset=&#8221;default&#8221; global_colors_info=&#8221;{}&#8221;][et_pb_text _builder_version=&#8221;4.27.0&#8243; _module_preset=&#8221;e750060c-6147-43d4-956e-cf30d64c68ae&#8221; text_font=&#8221;Inter|300|||||||&#8221; header_3_font=&#8221;Aboreto||||||||&#8221; header_3_font_size=&#8221;24px&#8221; custom_padding=&#8221;||0px|||&#8221; global_colors_info=&#8221;{}&#8221;]<\/p>\n<h3 data-start=\"1073\" data-end=\"1210\"><strong data-start=\"1073\" data-end=\"1087\">Misyonumuz<\/strong><\/h3>\n<p data-start=\"1073\" data-end=\"1210\">Kaliteli ve lezzetli \u00fcr\u00fcnlerimizi geni\u015f kitlelere ula\u015ft\u0131rarak, her zaman tercih edilen ve g\u00fcven duyulan bir marka olmak.<\/p>\n<p>[\/et_pb_text][\/et_pb_column][et_pb_column type=&#8221;1_2&#8243; _builder_version=&#8221;4.25.2&#8243; _module_preset=&#8221;default&#8221; global_colors_info=&#8221;{}&#8221;][et_pb_text _builder_version=&#8221;4.27.0&#8243; _module_preset=&#8221;e750060c-6147-43d4-956e-cf30d64c68ae&#8221; text_font=&#8221;Inter|300|||||||&#8221; header_3_font=&#8221;Aboreto||||||||&#8221; header_3_font_size=&#8221;24px&#8221; custom_padding=&#8221;||0px|||&#8221; global_colors_info=&#8221;{}&#8221;]<\/p>\n<h3 data-start=\"1217\" data-end=\"1357\"><strong data-start=\"1217\" data-end=\"1231\">Vizyonumuz<\/strong><\/h3>\n<p data-start=\"1217\" data-end=\"1357\">Yenilik\u00e7i yakla\u015f\u0131m\u0131m\u0131z ve g\u00fc\u00e7l\u00fc \u00fcretim altyap\u0131m\u0131z ile sekt\u00f6rde \u00f6nc\u00fc ve global \u00f6l\u00e7ekte rekabet eden bir marka haline gelmek.<\/p>\n<p>[\/et_pb_text][\/et_pb_column][\/et_pb_row][\/et_pb_section]<\/p>\n","protected":false},"excerpt":{"rendered":"<p>Hakk\u0131m\u0131zda Tatbey A.\u015e., 1960 y\u0131l\u0131nda perakende sekt\u00f6r\u00fcnde faaliyetlerine ba\u015flam\u0131\u015f, zamanla geli\u015fen piyasa ko\u015fullar\u0131na uyum sa\u011flayarak toptan pazarlama alan\u0131nda b\u00fcy\u00fcm\u00fc\u015ft\u00fcr. G\u00fc\u00e7l\u00fc bayi ve distrib\u00fct\u00f6r a\u011f\u0131 ile sekt\u00f6rde g\u00fcvenilir bir konuma ula\u015fm\u0131\u015ft\u0131r.\u00dcretim G\u00fcc\u00fcm\u00fcz Firmam\u0131z, 20.000 m\u00b2 \u00fcretim ve stoklama alan\u0131nda; \u00e7ikolata, yumu\u015fak \u015feker, sert \u015feker ve j\u00f6le \u015feker \u00fcretimi ger\u00e7ekle\u015ftirmektedir. Y\u00fcksek \u00fcretim kapasitemizle hem ulusal hem de [&hellip;]<\/p>\n","protected":false},"author":1,"featured_media":0,"parent":0,"menu_order":0,"comment_status":"closed","ping_status":"closed","template":"","meta":{"_acf_changed":false,"_et_pb_use_builder":"on","_et_pb_old_content":"","_et_gb_content_width":"","footnotes":""},"difl_page_category":[],"class_list":["post-1054","page","type-page","status-publish","hentry"],"acf":[],"_links":{"self":[{"href":"https:\/\/adelcikolata.com\/en\/wp-json\/wp\/v2\/pages\/1054","targetHints":{"allow":["GET"]}}],"collection":[{"href":"https:\/\/adelcikolata.com\/en\/wp-json\/wp\/v2\/pages"}],"about":[{"href":"https:\/\/adelcikolata.com\/en\/wp-json\/wp\/v2\/types\/page"}],"author":[{"embeddable":true,"href":"https:\/\/adelcikolata.com\/en\/wp-json\/wp\/v2\/users\/1"}],"replies":[{"embeddable":true,"href":"https:\/\/adelcikolata.com\/en\/wp-json\/wp\/v2\/comments?post=1054"}],"version-history":[{"count":7,"href":"https:\/\/adelcikolata.com\/en\/wp-json\/wp\/v2\/pages\/1054\/revisions"}],"predecessor-version":[{"id":1078,"href":"https:\/\/adelcikolata.com\/en\/wp-json\/wp\/v2\/pages\/1054\/revisions\/1078"}],"wp:attachment":[{"href":"https:\/\/adelcikolata.com\/en\/wp-json\/wp\/v2\/media?parent=1054"}],"wp:term":[{"taxonomy":"difl_page_category","embeddable":true,"href":"https:\/\/adelcikolata.com\/en\/wp-json\/wp\/v2\/difl_page_category?post=1054"}],"curies":[{"name":"wp","href":"https:\/\/api.w.org\/{rel}","templated":true}]}}