{"id":17,"date":"2025-08-03T12:50:09","date_gmt":"2025-08-03T12:50:09","guid":{"rendered":"https:\/\/adelcikolata.com\/?page_id=17"},"modified":"2026-04-06T08:32:48","modified_gmt":"2026-04-06T08:32:48","slug":"ana-sayfa","status":"publish","type":"page","link":"https:\/\/adelcikolata.com\/en\/?page_id=56","title":{"rendered":"Home Page"},"content":{"rendered":"<p>[et_pb_section fb_built=&#8221;1&#8243; _builder_version=&#8221;4.27.0&#8243; _module_preset=&#8221;default&#8221; custom_margin=&#8221;-24px||0px||false|false&#8221; custom_padding=&#8221;0px||0px||true|false&#8221; global_colors_info=&#8221;{}&#8221;][et_pb_row _builder_version=&#8221;4.27.0&#8243; _module_preset=&#8221;default&#8221; custom_padding=&#8221;0px||0px||false|false&#8221; global_colors_info=&#8221;{}&#8221;][et_pb_column type=&#8221;4_4&#8243; _builder_version=&#8221;4.27.0&#8243; _module_preset=&#8221;default&#8221; global_colors_info=&#8221;{}&#8221;][et_pb_nextend_smart_slider_3 slider=&#8221;3&#8243; _builder_version=&#8221;4.27.0&#8243; _module_preset=&#8221;default&#8221; global_colors_info=&#8221;{}&#8221;][\/et_pb_nextend_smart_slider_3][\/et_pb_column][\/et_pb_row][\/et_pb_section][et_pb_section fb_built=&#8221;1&#8243; _builder_version=&#8221;4.27.0&#8243; _module_preset=&#8221;default&#8221; background_color=&#8221;gcid-e8d826c8-04a2-4d13-8300-b1cb614d7b48&#8243; global_colors_info=&#8221;{%22gcid-e8d826c8-04a2-4d13-8300-b1cb614d7b48%22:%91%22background_color%22%93}&#8221;][et_pb_row column_structure=&#8221;2_3,1_3&#8243; _builder_version=&#8221;4.27.0&#8243; _module_preset=&#8221;default&#8221; global_colors_info=&#8221;{}&#8221;][et_pb_column type=&#8221;2_3&#8243; _builder_version=&#8221;4.27.0&#8243; _module_preset=&#8221;default&#8221; global_colors_info=&#8221;{}&#8221;][difl_floatimage _builder_version=&#8221;4.27.0&#8243; _module_preset=&#8221;default&#8221; global_colors_info=&#8221;{}&#8221;][difl_floatimageitem image=&#8221;https:\/\/adelcikolata.com\/wp-content\/uploads\/2025\/08\/Adel-factory.webp&#8221; _builder_version=&#8221;4.27.0&#8243; _module_preset=&#8221;default&#8221; border_radii_iamge=&#8221;on|28px|28px|28px|28px&#8221; box_shadow_style_iamge=&#8221;preset3&#8243; box_shadow_blur_iamge=&#8221;23px&#8221; global_colors_info=&#8221;{}&#8221;][\/difl_floatimageitem][\/difl_floatimage][\/et_pb_column][et_pb_column type=&#8221;1_3&#8243; _builder_version=&#8221;4.27.0&#8243; _module_preset=&#8221;default&#8221; global_colors_info=&#8221;{}&#8221;][dfadh_heading_anim fancy_text_anim=&#8221;type-letter-scale&#8221; title_prefix=&#8221;SINCE&#8221; fency_text_list=&#8221;%91{%22value%22:%221960%22,%22checked%22:0,%22dragID%22:-1}%93&#8243; _builder_version=&#8221;4.27.0&#8243; _module_preset=&#8221;default&#8221; t_prefix_font=&#8221;Amatic SC||||||||&#8221; t_prefix_font_size=&#8221;40px&#8221; t_infix_font=&#8221;Abhaya Libre||||||||&#8221; t_infix_text_color=&#8221;#5A0C1C&#8221; t_infix_font_size=&#8221;89px&#8221; global_colors_info=&#8221;{}&#8221;][\/dfadh_heading_anim][et_pb_text _builder_version=&#8221;4.27.0&#8243; _module_preset=&#8221;default&#8221; header_3_font=&#8221;Belleza||||||||&#8221; header_3_text_color=&#8221;gcid-7dcf1017-327d-446f-9103-36e0fe09a431&#8243; header_3_font_size=&#8221;45px&#8221; global_colors_info=&#8221;{%22gcid-7dcf1017-327d-446f-9103-36e0fe09a431%22:%91%22header_3_text_color%22%93}&#8221;]<\/p>\n<h3>Lezzetin Kalbi Burada At\u0131yor<\/h3>\n<p data-start=\"798\" data-end=\"1183\">20.000 m\u00b2&#8217;lik \u00fcretim ve stok alan\u0131m\u0131zda, modern \u00fcretim teknolojileri ve hijyen standartlar\u0131 e\u015fli\u011finde \u00e7ikolata, yumu\u015fak \u015feker, sert \u015feker ve j\u00f6le \u015feker \u00fcretimi yap\u0131yoruz. EN ISO 22000-2005, Helal \u00dcr\u00fcn Sertifikas\u0131 ve di\u011fer kalite belgelerine sahip \u00fcretim tesisimiz, hem ulusal hem de uluslararas\u0131 pazarlarda tercih edilen bir \u00fcretici ve tedarik\u00e7i olma hedefiyle faaliyet g\u00f6stermektedir.<\/p>\n<hr data-start=\"1185\" data-end=\"1188\" \/>[\/et_pb_text][et_pb_button button_text=&#8221;KURUMSAL&#8221; _builder_version=&#8221;4.27.0&#8243; _module_preset=&#8221;default&#8221; custom_button=&#8221;on&#8221; button_text_color=&#8221;#5A0C1C&#8221; button_border_width=&#8221;1px&#8221; button_border_radius=&#8221;56px&#8221; global_colors_info=&#8221;{}&#8221;][\/et_pb_button][\/et_pb_column][\/et_pb_row][\/et_pb_section][et_pb_section fb_built=&#8221;1&#8243; _builder_version=&#8221;4.27.0&#8243; _module_preset=&#8221;default&#8221; global_colors_info=&#8221;{}&#8221;][et_pb_row _builder_version=&#8221;4.27.0&#8243; _module_preset=&#8221;default&#8221; global_colors_info=&#8221;{}&#8221;][et_pb_column type=&#8221;4_4&#8243; _builder_version=&#8221;4.27.0&#8243; _module_preset=&#8221;default&#8221; global_colors_info=&#8221;{}&#8221;][dfadh_heading_anim title_prefix=&#8221;EN&#8221; fency_text_list=&#8221;%91{%22value%22:%22YEN\u0130%22,%22checked%22:0,%22dragID%22:-1}%93&#8243; title_suffix=&#8221;\u00dcR\u00dcNLER&#8221; _builder_version=&#8221;4.27.0&#8243; _module_preset=&#8221;default&#8221; title_font=&#8221;Aboreto|700|||||||&#8221; title_text_align=&#8221;center&#8221; title_text_color=&#8221;gcid-7dcf1017-327d-446f-9103-36e0fe09a431&#8243; title_font_size=&#8221;36px&#8221; global_colors_info=&#8221;{%22gcid-7dcf1017-327d-446f-9103-36e0fe09a431%22:%91%22title_text_color%22%93}&#8221;][\/dfadh_heading_anim][difl_product_carousel type=&#8221;product_category&#8221; include_categories=&#8221;26&#8243; orderby=&#8221;rand&#8221; equal_height=&#8221;on&#8221; _builder_version=&#8221;4.27.0&#8243; _module_preset=&#8221;default&#8221; global_colors_info=&#8221;{}&#8221;][difl_productitem type=&#8221;image&#8221; element_margin=&#8221;||||false|false&#8221; image_margin=&#8221;||||false|false&#8221; outside_wrapper=&#8221;on&#8221; _builder_version=&#8221;4.27.0&#8243; _module_preset=&#8221;default&#8221; background_enable_color=&#8221;off&#8221; global_colors_info=&#8221;{}&#8221; type__hover=&#8221;1px||||false|false&#8221; type__hover_enabled=&#8221;on|hover&#8221; display_type__hover=&#8221;1px||||false|false&#8221; display_type__hover_enabled=&#8221;on|hover&#8221;][\/difl_productitem][difl_productitem type=&#8221;title&#8221; _builder_version=&#8221;4.27.0&#8243; _module_preset=&#8221;default&#8221; product_font_style_font=&#8221;Aboreto||||||||&#8221; product_font_style_text_color=&#8221;#5A0C1C&#8221; product_font_style_font_size=&#8221;35px&#8221; product_font_style_line_height=&#8221;40px&#8221; text_orientation=&#8221;center&#8221; global_colors_info=&#8221;{}&#8221; type__hover=&#8221;1px||||false|false&#8221; type__hover_enabled=&#8221;on|hover&#8221; display_type__hover=&#8221;1px||||false|false&#8221; display_type__hover_enabled=&#8221;on|hover&#8221;][\/difl_productitem][\/difl_product_carousel][\/et_pb_column][\/et_pb_row][\/et_pb_section][et_pb_section fb_built=&#8221;1&#8243; _builder_version=&#8221;4.27.0&#8243; _module_preset=&#8221;default&#8221; background_image=&#8221;https:\/\/adelcikolata.com\/wp-content\/uploads\/2025\/08\/earth.webp&#8221; parallax=&#8221;on&#8221; global_colors_info=&#8221;{}&#8221;][et_pb_row _builder_version=&#8221;4.27.0&#8243; _module_preset=&#8221;default&#8221; background_color=&#8221;rgba(255,255,255,0.22)&#8221; custom_padding=&#8221;|30px||30px|false|true&#8221; border_radii=&#8221;on|28px|28px|28px|28px&#8221; global_colors_info=&#8221;{}&#8221;][et_pb_column type=&#8221;4_4&#8243; _builder_version=&#8221;4.27.0&#8243; _module_preset=&#8221;default&#8221; global_colors_info=&#8221;{}&#8221;][et_pb_text _builder_version=&#8221;4.27.0&#8243; _module_preset=&#8221;default&#8221; global_colors_info=&#8221;{}&#8221;]<\/p>\n<h3 data-start=\"104\" data-end=\"125\"><strong data-start=\"108\" data-end=\"123\">Bize Ula\u015f\u0131n<\/strong><\/h3>\n<p data-start=\"126\" data-end=\"244\">Sorular\u0131n\u0131z, \u00f6nerileriniz ya da i\u015f birlikleri i\u00e7in bizimle ileti\u015fime ge\u00e7in. Size yard\u0131mc\u0131 olmaktan memnuniyet duyar\u0131z.<\/p>\n<p>[\/et_pb_text][et_pb_contact_form submit_button_text=&#8221;G\u00d6NDER&#8221; _builder_version=&#8221;4.27.0&#8243; _module_preset=&#8221;default&#8221; _unique_id=&#8221;63ff62cb-a934-428e-aa5b-29e2931cb791&#8243; custom_button=&#8221;on&#8221; button_text_size=&#8221;16px&#8221; button_text_color=&#8221;#5A0C1C&#8221; button_border_width=&#8221;1px&#8221; button_border_radius=&#8221;100px&#8221; global_colors_info=&#8221;{}&#8221;][et_pb_contact_field field_id=&#8221;name&#8221; field_title=&#8221;\u0130sim&#8221; _builder_version=&#8221;4.27.0&#8243; global_colors_info=&#8221;{}&#8221; button_text_size__hover_enabled=&#8221;off&#8221; button_one_text_size__hover_enabled=&#8221;off&#8221; button_two_text_size__hover_enabled=&#8221;off&#8221; button_text_color__hover_enabled=&#8221;off&#8221; button_one_text_color__hover_enabled=&#8221;off&#8221; button_two_text_color__hover_enabled=&#8221;off&#8221; button_border_width__hover_enabled=&#8221;off&#8221; button_one_border_width__hover_enabled=&#8221;off&#8221; button_two_border_width__hover_enabled=&#8221;off&#8221; button_border_color__hover_enabled=&#8221;off&#8221; button_one_border_color__hover_enabled=&#8221;off&#8221; button_two_border_color__hover_enabled=&#8221;off&#8221; button_border_radius__hover_enabled=&#8221;off&#8221; button_one_border_radius__hover_enabled=&#8221;off&#8221; button_two_border_radius__hover_enabled=&#8221;off&#8221; button_letter_spacing__hover_enabled=&#8221;off&#8221; button_one_letter_spacing__hover_enabled=&#8221;off&#8221; button_two_letter_spacing__hover_enabled=&#8221;off&#8221; button_bg_color__hover_enabled=&#8221;off&#8221; button_one_bg_color__hover_enabled=&#8221;off&#8221; button_two_bg_color__hover_enabled=&#8221;off&#8221;][\/et_pb_contact_field][et_pb_contact_field field_id=&#8221;Email&#8221; field_title=&#8221;Email &#8221; field_type=&#8221;email&#8221; _builder_version=&#8221;4.27.0&#8243; global_colors_info=&#8221;{}&#8221; button_text_size__hover_enabled=&#8221;off&#8221; button_one_text_size__hover_enabled=&#8221;off&#8221; button_two_text_size__hover_enabled=&#8221;off&#8221; button_text_color__hover_enabled=&#8221;off&#8221; button_one_text_color__hover_enabled=&#8221;off&#8221; button_two_text_color__hover_enabled=&#8221;off&#8221; button_border_width__hover_enabled=&#8221;off&#8221; button_one_border_width__hover_enabled=&#8221;off&#8221; button_two_border_width__hover_enabled=&#8221;off&#8221; button_border_color__hover_enabled=&#8221;off&#8221; button_one_border_color__hover_enabled=&#8221;off&#8221; button_two_border_color__hover_enabled=&#8221;off&#8221; button_border_radius__hover_enabled=&#8221;off&#8221; button_one_border_radius__hover_enabled=&#8221;off&#8221; button_two_border_radius__hover_enabled=&#8221;off&#8221; button_letter_spacing__hover_enabled=&#8221;off&#8221; button_one_letter_spacing__hover_enabled=&#8221;off&#8221; button_two_letter_spacing__hover_enabled=&#8221;off&#8221; button_bg_color__hover_enabled=&#8221;off&#8221; button_one_bg_color__hover_enabled=&#8221;off&#8221; button_two_bg_color__hover_enabled=&#8221;off&#8221;][\/et_pb_contact_field][et_pb_contact_field field_id=&#8221;Message&#8221; field_title=&#8221;Mesaj&#8221; field_type=&#8221;text&#8221; fullwidth_field=&#8221;on&#8221; _builder_version=&#8221;4.27.0&#8243; global_colors_info=&#8221;{}&#8221; button_text_size__hover_enabled=&#8221;off&#8221; button_one_text_size__hover_enabled=&#8221;off&#8221; button_two_text_size__hover_enabled=&#8221;off&#8221; button_text_color__hover_enabled=&#8221;off&#8221; button_one_text_color__hover_enabled=&#8221;off&#8221; button_two_text_color__hover_enabled=&#8221;off&#8221; button_border_width__hover_enabled=&#8221;off&#8221; button_one_border_width__hover_enabled=&#8221;off&#8221; button_two_border_width__hover_enabled=&#8221;off&#8221; button_border_color__hover_enabled=&#8221;off&#8221; button_one_border_color__hover_enabled=&#8221;off&#8221; button_two_border_color__hover_enabled=&#8221;off&#8221; button_border_radius__hover_enabled=&#8221;off&#8221; button_one_border_radius__hover_enabled=&#8221;off&#8221; button_two_border_radius__hover_enabled=&#8221;off&#8221; button_letter_spacing__hover_enabled=&#8221;off&#8221; button_one_letter_spacing__hover_enabled=&#8221;off&#8221; button_two_letter_spacing__hover_enabled=&#8221;off&#8221; button_bg_color__hover_enabled=&#8221;off&#8221; button_one_bg_color__hover_enabled=&#8221;off&#8221; button_two_bg_color__hover_enabled=&#8221;off&#8221;][\/et_pb_contact_field][\/et_pb_contact_form][\/et_pb_column][\/et_pb_row][\/et_pb_section]<\/p>\n","protected":false},"excerpt":{"rendered":"<p><div class=\"et_pb_module difl_floatimage difl_floatimage_0\">\n\t\t\t\t\n\t\t\t\t\n\t\t\t\t\n\t\t\t\t\n\t\t\t\t\n\t\t\t\t\n\t\t\t\t<div class=\"et_pb_module_inner\">\n\t\t\t\t\t<div class=\"df_fi_container\"><div class=\"et_pb_module difl_floatimageitem difl_floatimageitem_0\">\n\t\t\t\t\n\t\t\t\t\n\t\t\t\t\n\t\t\t\t\n\t\t\t\t\n\t\t\t\t\n\t\t\t\t<div class=\"et_pb_module_inner\">\n\t\t\t\t\t\r\n            <div class=\"df_fii_container\" data-animation='{\"animation_type\":\"fi-up-down\",\"duration\":\"4000\",\"delay\":\"0ms\",\"animation_function\":\"linear\",\"vertical_anime_distance\":\"20px\",\"horizontal_anime_distance\":\"20px\"}'>\r\n                <img decoding=\"async\" src=\"https:\/\/adelcikolata.com\/wp-content\/uploads\/2025\/08\/Adel-factory.webp\" alt=\"\" \/>\r\n            <\/div>\n\t\t\t\t<\/div>\n\t\t\t<\/div><\/div>\n\t\t\t\t<\/div>\n\t\t\t<\/div><div class=\"et_pb_module dfadh_heading_anim dfadh_heading_anim_0\">\n\t\t\t\t\n\t\t\t\t\n\t\t\t\t\n\t\t\t\t\n\t\t\t\t\n\t\t\t\t\n\t\t\t\t<div class=\"et_pb_module_inner\">\n\t\t\t\t\t<div class=\"df-anim-heading-container\">\r\n                <h4 class=\"headline-animation letter type-letter-scale\" data-anmi='{\"transition_type\":\"letter\",\"animation_type\":\"type-letter-scale\",\"delay\":500,\"duration\":1000,\"easing\":\"none\",\"mass\":1,\"stiffness\":80,\"damping\":10,\"velocity\":0}' ><span class=\"prefix\">SINCE<\/span> <span class=\"infix words-wrapper\"><span class=\"is-visible\"><span class=\"in\">1<\/span><span class=\"in\">9<\/span><span class=\"in\">6<\/span><span class=\"in\">0<\/span><\/span><\/span> <\/h4>\r\n            <\/div>\n\t\t\t\t<\/div>\n\t\t\t<\/div>Lezzetin Kalbi Burada At\u0131yor 20.000 m\u00b2&#8217;lik \u00fcretim ve stok alan\u0131m\u0131zda, modern \u00fcretim teknolojileri ve hijyen standartlar\u0131 e\u015fli\u011finde \u00e7ikolata, yumu\u015fak \u015feker, sert \u015feker ve j\u00f6le \u015feker \u00fcretimi yap\u0131yoruz. EN ISO 22000-2005, Helal \u00dcr\u00fcn [&hellip;]<\/p>\n","protected":false},"author":1,"featured_media":0,"parent":0,"menu_order":0,"comment_status":"closed","ping_status":"closed","template":"","meta":{"_acf_changed":false,"_et_pb_use_builder":"on","_et_pb_old_content":"","_et_gb_content_width":"","footnotes":""},"difl_page_category":[],"class_list":["post-17","page","type-page","status-publish","hentry"],"acf":[],"_hostinger_reach_plugin_has_subscription_block":false,"_hostinger_reach_plugin_is_elementor":false,"_links":{"self":[{"href":"https:\/\/adelcikolata.com\/en\/wp-json\/wp\/v2\/pages\/17","targetHints":{"allow":["GET"]}}],"collection":[{"href":"https:\/\/adelcikolata.com\/en\/wp-json\/wp\/v2\/pages"}],"about":[{"href":"https:\/\/adelcikolata.com\/en\/wp-json\/wp\/v2\/types\/page"}],"author":[{"embeddable":true,"href":"https:\/\/adelcikolata.com\/en\/wp-json\/wp\/v2\/users\/1"}],"replies":[{"embeddable":true,"href":"https:\/\/adelcikolata.com\/en\/wp-json\/wp\/v2\/comments?post=17"}],"version-history":[{"count":15,"href":"https:\/\/adelcikolata.com\/en\/wp-json\/wp\/v2\/pages\/17\/revisions"}],"predecessor-version":[{"id":1115,"href":"https:\/\/adelcikolata.com\/en\/wp-json\/wp\/v2\/pages\/17\/revisions\/1115"}],"wp:attachment":[{"href":"https:\/\/adelcikolata.com\/en\/wp-json\/wp\/v2\/media?parent=17"}],"wp:term":[{"taxonomy":"difl_page_category","embeddable":true,"href":"https:\/\/adelcikolata.com\/en\/wp-json\/wp\/v2\/difl_page_category?post=17"}],"curies":[{"name":"wp","href":"https:\/\/api.w.org\/{rel}","templated":true}]}}