{"id":759,"date":"2026-04-02T10:12:14","date_gmt":"2026-04-02T10:12:14","guid":{"rendered":"https:\/\/adelcikolata.com\/?post_type=product&#038;p=759"},"modified":"2026-04-02T10:21:35","modified_gmt":"2026-04-02T10:21:35","slug":"nitro","status":"publish","type":"product","link":"https:\/\/adelcikolata.com\/en\/product\/nitro\/","title":{"rendered":"Nitro"},"content":{"rendered":"<div style=\"overflow-x: auto;\">\n<table class=\"wp-logistics-table\" style=\"height: 216px;\">\n<thead>\n<tr style=\"height: 23px;\">\n<th style=\"height: 23px; width: 81.9965px;\"><\/th>\n<th style=\"height: 23px; width: 81.7014px;\">Birim Paket<\/th>\n<th style=\"height: 23px; width: 74.809px;\">Net A\u011f\u0131rl\u0131k<\/th>\n<th style=\"height: 23px; width: 82.7604px;\">Koli \u0130\u00e7i Adet<\/th>\n<th style=\"height: 23px; width: 113.611px;\">20&#8217;lik Konteyner<\/th>\n<th style=\"height: 23px; width: 113.611px;\">40&#8217;l\u0131k Konteyner<\/th>\n<\/tr>\n<\/thead>\n<tbody>\n<tr style=\"height: 89px;\">\n<td class=\"product-image-cell\" style=\"height: 89px; width: 81.9965px;\"><img loading=\"lazy\" decoding=\"async\" class=\"\" src=\"\/wp-content\/uploads\/2026\/04\/quadro-icon.webp\" alt=\"Beyaz Silindir Kutu\" width=\"82\" height=\"82\" \/><\/td>\n<td style=\"height: 89px; width: 81.7014px;\">12g<\/td>\n<td style=\"height: 89px; width: 74.809px;\">1000g<\/td>\n<td style=\"height: 89px; width: 82.7604px;\">8 Pcs.<\/td>\n<td style=\"height: 89px; width: 113.611px;\">1000 ctn.20<\/td>\n<td style=\"height: 89px; width: 113.611px;\">00 ctn.<\/td>\n<\/tr>\n<\/tbody>\n<\/table>\n<\/div>","protected":false},"excerpt":{"rendered":"<p class=\"translation-block\">\u00c7ikolata Kaplamal\u0131<br>\r\nKaramel ve Nugat Bar<\/p>","protected":false},"featured_media":760,"comment_status":"open","ping_status":"closed","template":"","meta":{"_acf_changed":false,"_et_pb_use_builder":"","_et_pb_old_content":"","_et_gb_content_width":""},"product_brand":[],"product_cat":[18],"product_tag":[],"class_list":{"0":"post-759","1":"product","2":"type-product","3":"status-publish","4":"has-post-thumbnail","6":"product_cat-cikolata","8":"first","9":"instock","10":"shipping-taxable","11":"product-type-simple"},"acf":[],"_links":{"self":[{"href":"https:\/\/adelcikolata.com\/en\/wp-json\/wp\/v2\/product\/759","targetHints":{"allow":["GET"]}}],"collection":[{"href":"https:\/\/adelcikolata.com\/en\/wp-json\/wp\/v2\/product"}],"about":[{"href":"https:\/\/adelcikolata.com\/en\/wp-json\/wp\/v2\/types\/product"}],"replies":[{"embeddable":true,"href":"https:\/\/adelcikolata.com\/en\/wp-json\/wp\/v2\/comments?post=759"}],"wp:featuredmedia":[{"embeddable":true,"href":"https:\/\/adelcikolata.com\/en\/wp-json\/wp\/v2\/media\/760"}],"wp:attachment":[{"href":"https:\/\/adelcikolata.com\/en\/wp-json\/wp\/v2\/media?parent=759"}],"wp:term":[{"taxonomy":"product_brand","embeddable":true,"href":"https:\/\/adelcikolata.com\/en\/wp-json\/wp\/v2\/product_brand?post=759"},{"taxonomy":"product_cat","embeddable":true,"href":"https:\/\/adelcikolata.com\/en\/wp-json\/wp\/v2\/product_cat?post=759"},{"taxonomy":"product_tag","embeddable":true,"href":"https:\/\/adelcikolata.com\/en\/wp-json\/wp\/v2\/product_tag?post=759"}],"curies":[{"name":"wp","href":"https:\/\/api.w.org\/{rel}","templated":true}]}}