{"id":966,"date":"2026-04-03T12:27:54","date_gmt":"2026-04-03T12:27:54","guid":{"rendered":"https:\/\/adelcikolata.com\/?post_type=product&#038;p=966"},"modified":"2026-04-03T12:33:49","modified_gmt":"2026-04-03T12:33:49","slug":"hediyelikler","status":"publish","type":"product","link":"https:\/\/adelcikolata.com\/en\/product\/hediyelikler\/","title":{"rendered":"Gifts"},"content":{"rendered":"","protected":false},"excerpt":{"rendered":"<p>Mutlu Anlar\u0131n\u0131zda Hep Yan\u0131n\u0131zda<\/p>","protected":false},"featured_media":0,"comment_status":"open","ping_status":"closed","template":"","meta":{"_acf_changed":false,"_et_pb_use_builder":"","_et_pb_old_content":"","_et_gb_content_width":""},"product_brand":[],"product_cat":[24],"product_tag":[],"class_list":{"0":"post-966","1":"product","2":"type-product","3":"status-publish","5":"product_cat-hediyelikler","7":"first","8":"instock","9":"shipping-taxable","10":"product-type-simple"},"acf":[],"_links":{"self":[{"href":"https:\/\/adelcikolata.com\/en\/wp-json\/wp\/v2\/product\/966","targetHints":{"allow":["GET"]}}],"collection":[{"href":"https:\/\/adelcikolata.com\/en\/wp-json\/wp\/v2\/product"}],"about":[{"href":"https:\/\/adelcikolata.com\/en\/wp-json\/wp\/v2\/types\/product"}],"replies":[{"embeddable":true,"href":"https:\/\/adelcikolata.com\/en\/wp-json\/wp\/v2\/comments?post=966"}],"wp:attachment":[{"href":"https:\/\/adelcikolata.com\/en\/wp-json\/wp\/v2\/media?parent=966"}],"wp:term":[{"taxonomy":"product_brand","embeddable":true,"href":"https:\/\/adelcikolata.com\/en\/wp-json\/wp\/v2\/product_brand?post=966"},{"taxonomy":"product_cat","embeddable":true,"href":"https:\/\/adelcikolata.com\/en\/wp-json\/wp\/v2\/product_cat?post=966"},{"taxonomy":"product_tag","embeddable":true,"href":"https:\/\/adelcikolata.com\/en\/wp-json\/wp\/v2\/product_tag?post=966"}],"curies":[{"name":"wp","href":"https:\/\/api.w.org\/{rel}","templated":true}]}}